{"id":7294,"date":"2019-10-31T12:42:52","date_gmt":"2019-10-31T17:42:52","guid":{"rendered":"https:\/\/web.realdelmonteproductora.com\/?page_id=7294"},"modified":"2020-06-05T17:23:51","modified_gmt":"2020-06-05T22:23:51","slug":"aviso-de-privacidad","status":"publish","type":"page","link":"https:\/\/rdmweb.mx\/rdm\/aviso-de-privacidad\/","title":{"rendered":"Aviso de Privacidad"},"content":{"rendered":"\n<p><strong>Real del Monte Productora (RDM)<\/strong>&nbsp;es responsable de la seguridad y confidencialidad de los datos personales que usted voluntariamente nos proporciona, tiene el compromiso de proteger su privacidad y cumplir con la legislaci\u00f3n aplicable a la protecci\u00f3n de datos personales en posesi\u00f3n de los particulares. Con fundamento en los art\u00edculos 15 y 16 de la Ley Federal de Protecci\u00f3n de Datos Personales en Posesi\u00f3n de Particulares (en lo sucesivo denominada como \u201cla ley\u201d) hacemos de su conocimiento que&nbsp;<strong>RDM<\/strong>&nbsp;es responsable de recabar sus datos personales, del uso que le d\u00e9 a los mismos y de su protecci\u00f3n. Los t\u00e9rminos que se utilicen en el presente aviso de privacidad tendr\u00e1n la definici\u00f3n que a los mismos le asigna la Ley Federal de Protecci\u00f3n de Datos Personales en Posesi\u00f3n de Particulares publicada en el Diario Oficial de la Federaci\u00f3n el 5 de julio de 2010. Este Aviso especifica el tipo de datos que&nbsp;<strong>RDM<\/strong>recolecta, los fines para los cuales lleva a cabo el tratamiento de los mismos, as\u00ed como los derechos con que cuenta el titular al respecto.&nbsp;<\/p>\n\n\n\n<p><strong>FINALIDAD Y UTILIZACION DE SUS DATOS PERSONALES<\/strong>&nbsp;<\/p>\n\n\n\n<p>Sus datos personales ser\u00e1n utilizados para las siguientes finalidades:<\/p>\n\n\n\n<ul class=\"wp-block-list\"><li>Datos de identificaci\u00f3n y contacto con el cliente.<\/li><li>Atenci\u00f3n al cliente.<\/li><li>Seguimiento de cotizaciones.<\/li><li>Env\u00edo de informaci\u00f3n necesaria y de inter\u00e9s para el cliente.<\/li><\/ul>\n\n\n\n<p><strong>DATOS PERSONALES QUE OBTENEMOS Y DE DONDE<\/strong>&nbsp;<\/p>\n\n\n\n<p><strong>RDM<\/strong>&nbsp;recopila la informaci\u00f3n a trav\u00e9s de los datos que el usuario proporciona v\u00eda telef\u00f3nica, v\u00eda correo electr\u00f3nico, en el formulario de contacto que aparece en la parte inferior de la p\u00e1gina web y a trav\u00e9s de los mensajes privados en nuestra p\u00e1gina oficial en Facebook. La informaci\u00f3n que se recopila por las v\u00edas mencionadas anteriormente no son datos sensibles. La informaci\u00f3n obtenida se limita a datos generales de los clientes, indispensables para brindarles la atenci\u00f3n que requieren, como:<\/p>\n\n\n\n<ul class=\"wp-block-list\"><li>Nombres<\/li><li>Tel\u00e9fono<\/li><li>Correo electr\u00f3nico<\/li><\/ul>\n\n\n\n<p>Si eventualmente&nbsp;<strong>RDM<\/strong>&nbsp;obtuviera datos personales aparte de los mencionados, se seguir\u00e1n los principios que establece la Ley Federal de Protecci\u00f3n de Datos Personales: licitud, consentimiento, informaci\u00f3n, calidad, finalidad, lealtad, proporcionalidad y responsabilidad.&nbsp;<\/p>\n\n\n\n<p><strong>MEDIOS PARA EJERCER SUS DERECHOS ARCO<\/strong>&nbsp;<\/p>\n\n\n\n<p>Es importante informarle que usted tiene derecho al Acceso, Rectificaci\u00f3n, Cancelaci\u00f3n y Oposici\u00f3n de sus datos personales, a oponerse al tratamiento de los mismos o a revocar el consentimiento que para dicho fin nos haya otorgado. Los mecanismos que se han implementado para el ejercicio de dichos derechos son a trav\u00e9s de la presentaci\u00f3n de una solicitud en los t\u00e9rminos que marca la ley en su Art. 29 a nuestro Departamento de Comunicaciones, a trav\u00e9s del correo electr\u00f3nico&nbsp;<a href=\"mailto:info@rdmweb.mx\">info@rdmweb.mx<\/a><\/p>\n\n\n\n<p>Para que&nbsp;<strong>RDM<\/strong>&nbsp;pueda atender correcta y oportunamente cualquiera de las solicitudes a las que se refiere esta secci\u00f3n, la solicitud del titular deber\u00e1 contener:<\/p>\n\n\n\n<ul class=\"wp-block-list\"><li>Nombre del titular y domicilio y otro medio para comunicarle la respuesta.<\/li><li>Descripci\u00f3n clara y precisa de los datos personales o instituciones respecto de los que desea ejercer sus derechos ARCO.<\/li><\/ul>\n\n\n\n<p><strong>SALVAGUARDA DE LOS DATOS PERSONALES&nbsp;<\/strong>&nbsp;<\/p>\n\n\n\n<p><strong>RDM<\/strong>&nbsp;tiene implementadas las medidas de seguridad, t\u00e9cnicas, administrativas y f\u00edsicas, necesarias para proteger sus datos personales y evitar su da\u00f1o, p\u00e9rdida, alteraci\u00f3n, destrucci\u00f3n o el uso, acceso o tratamiento no autorizado. \u00danicamente&nbsp; el personal&nbsp; autorizado, que ha cumplido y observado los correspondientes requisitos de confidencialidad, podr\u00e1 participar en el tratamiento de sus datos personales. El personal autorizado tiene prohibido permitir el acceso de personas no autorizadas y utilizar&nbsp; sus datos personales&nbsp; para fines distintos&nbsp; a los establecidos en el presente Aviso de Privacidad. La obligaci\u00f3n de confidencialidad de las personas que participan en el tratamiento de sus datos personales subsiste a\u00fan despu\u00e9s de terminada la relaci\u00f3n con&nbsp;<strong>RDM<\/strong>.&nbsp;<\/p>\n\n\n\n<p><strong>CAMBIOS AL AVISO DE PRIVACIDAD<\/strong>&nbsp;<\/p>\n\n\n\n<p><strong>RDM<\/strong>&nbsp;se reserva el derecho de efectuar en cualquier momento modificaciones o actualizaciones al presente aviso de privacidad, para la atenci\u00f3n de pol\u00edticas internas o nuevos requerimientos para la prestaci\u00f3n y ofrecimiento de nuestros servicios. Estas modificaciones estar\u00e1n disponibles al p\u00fablico a trav\u00e9s de la p\u00e1gina web o v\u00eda correo correo electr\u00f3nico.<\/p>\n\n\n\n<p>En la medida que el titular no solicite, en los t\u00e9rminos antes mencionados, la cancelaci\u00f3n y\/u oposici\u00f3n de sus datos personales y contin\u00fae accediendo y\/o utilizando, parcial o totalmente, los Servicios, implicar\u00e1 que ha aceptado y consentido tales cambios y\/o modificaciones. Al proporcionarle sus datos personales a&nbsp;<strong>RDM<\/strong>, el titular expresamente reconoce y acepta el presente Aviso, seg\u00fan el mismo pueda ser modificado cuando sea necesario, y otorga su consentimiento para que&nbsp;<strong>RDM<\/strong>&nbsp;ejerza en el procesamiento de sus datos personales de la forma que se explica en el presente. Si el titular no acepta este Aviso, podr\u00e1 ejercer los derechos que le confiere la Ley, seg\u00fan se describe anteriormente.<\/p>\n","protected":false},"excerpt":{"rendered":"<p>Real del Monte Productora (RDM)&nbsp;es responsable de la seguridad y confidencialidad de los datos personales que usted voluntariamente nos proporciona, [&hellip;]<\/p>\n","protected":false},"author":1,"featured_media":0,"parent":0,"menu_order":0,"comment_status":"closed","ping_status":"closed","template":"","meta":{"_acf_changed":false,"footnotes":""},"class_list":["post-7294","page","type-page","status-publish","hentry"],"acf":[],"_links":{"self":[{"href":"https:\/\/rdmweb.mx\/rdm\/wp-json\/wp\/v2\/pages\/7294","targetHints":{"allow":["GET"]}}],"collection":[{"href":"https:\/\/rdmweb.mx\/rdm\/wp-json\/wp\/v2\/pages"}],"about":[{"href":"https:\/\/rdmweb.mx\/rdm\/wp-json\/wp\/v2\/types\/page"}],"author":[{"embeddable":true,"href":"https:\/\/rdmweb.mx\/rdm\/wp-json\/wp\/v2\/users\/1"}],"replies":[{"embeddable":true,"href":"https:\/\/rdmweb.mx\/rdm\/wp-json\/wp\/v2\/comments?post=7294"}],"version-history":[{"count":2,"href":"https:\/\/rdmweb.mx\/rdm\/wp-json\/wp\/v2\/pages\/7294\/revisions"}],"predecessor-version":[{"id":8552,"href":"https:\/\/rdmweb.mx\/rdm\/wp-json\/wp\/v2\/pages\/7294\/revisions\/8552"}],"wp:attachment":[{"href":"https:\/\/rdmweb.mx\/rdm\/wp-json\/wp\/v2\/media?parent=7294"}],"curies":[{"name":"wp","href":"https:\/\/api.w.org\/{rel}","templated":true}]}}